{"id":3531,"date":"2023-04-18T07:23:48","date_gmt":"2023-04-18T07:23:48","guid":{"rendered":"https:\/\/alexiana.ro\/contact\/"},"modified":"2023-08-23T15:41:29","modified_gmt":"2023-08-23T15:41:29","slug":"contact","status":"publish","type":"page","link":"https:\/\/alexiana.ro\/en\/contact\/","title":{"rendered":"Contact"},"content":{"rendered":"<section class=\"bg-center bg-cover bg-no-repeat relative\"\n  style=\"background-image:url('https:\/\/alexiana.ro\/wp-content\/uploads\/2023\/04\/Rectangle-27-9.webp')\">\n  <div class=\"bg-white bg-opacity-60 absolute top-0 left-0 w-full h-full\"><\/div>\n  <h1\n    class=\"relative text-secondary font-secondary text-4xl sm:text-6xl uppercase font-bold text-center px-[15px] pt-32 sm:pt-56 pb-16 sm:pb-28\">\n    Contact<\/h1>\n<\/section>\n<section class=\"bg-center bg-no-repeat bg-cover py-10 sm:py-20\"\n  style=\"background-image:url('\/wp-content\/uploads\/2023\/04\/Group-108-1.webp')\">\n  <div class=\"container \">\n\n    <div class=\"grid grid-cols-1 sm:grid-cols-2 gap-8\">\n\n\t\t<div\n        class=\"bg-[#2B2C33] bg-opacity-70 border-l-4 border-primYellow rounded-2xl p-5 sm:p-8 flex flex-col text-white font-primary justify-between\">\n        <div class=\"grid grid-cols-2\">\n          <div>\n            <div class=\"flex gap-2 items-center mb-3\">\n              <span><svg width=\"16\" height=\"16\" viewBox=\"0 0 16 16\" fill=\"none\" xmlns=\"http:\/\/www.w3.org\/2000\/svg\">\n                  <path\n                    d=\"M15.1195 12.1956C14.5611 11.14 12.6221 9.99546 12.5367 9.94541C12.2876 9.80359 12.0276 9.72851 11.7843 9.72851C11.4225 9.72851 11.1263 9.89425 10.947 10.1957C10.6633 10.5349 10.3116 10.9315 10.2262 10.9929C9.56551 11.4412 9.04829 11.3903 8.47602 10.818L5.28208 7.62378C4.71342 7.05512 4.66114 6.53151 5.10634 5.87443C5.16862 5.7885 5.56516 5.43646 5.9044 5.15255C6.12074 5.0238 6.26924 4.83249 6.3343 4.59779C6.42078 4.28552 6.35711 3.91818 6.153 3.56031C6.10489 3.478 4.95979 1.53872 3.90478 0.980625C3.70791 0.876347 3.48601 0.821289 3.26355 0.821289C2.89705 0.821289 2.55224 0.964218 2.29307 1.2231L1.58733 1.92857C0.471141 3.04448 0.0671015 4.30943 0.385773 5.68812C0.65161 6.83711 1.42632 8.0598 2.68877 9.32197L6.77783 13.411C8.37564 15.0088 9.89892 15.8191 11.3054 15.8191C12.3398 15.8191 13.3045 15.3795 14.1712 14.5128L14.8767 13.8073C15.3055 13.3788 15.4028 12.7309 15.1195 12.1956Z\"\n                    fill=\"#FF1616\" \/>\n                <\/svg>\n              <\/span>\n              <a href=\"tel:+4 (0230) 560 560\" class=\"font-normal text-base hover:text-primary duration-200\">Fix: +4 (0230)\n                560\n                560<\/a>\n            <\/div>\n<!--             <div class=\"mb-3\">\n              <p class=\"font-light\">Fax:<\/p>\n              <p class=\"font-normal text-base\">+4 (0230) 563 758<\/p>\n            <\/div> -->\n<!--             <div class=\"\">\n              <p class=\"font-light\">Tel. Verde:<\/p>\n              <a href=\"tel:0800 800 340\" class=\"font-normal text-base hover:text-primary duration-200\">0800 800\n                340<\/a>\n            <\/div> -->\n          <\/div>\n          <div class=\"\">\n            <div class=\"mb-3\">\n              <p class=\"font-light\">Mobile:<\/p>\n              <a href=\"tel:+4 (0755) 111 222\" class=\"font-normal text-base hover:text-primary duration-200\">+4 (0755)\n                111\n                222<\/a>\n            <\/div>\n            <div>\n              <p class=\"font-light\">Mobile:<\/p>\n              <a href=\"tel:+4 (0745) 105 885\" class=\"font-normal text-base hover:text-primary duration-200\">+4 (0745)\n                105\n                885<\/a>\n            <\/div>\n          <\/div>\n        <\/div>\n      <\/div>\n\t\t<div\n        class=\"bg-[#2B2C33] bg-opacity-70 border-l-4 border-primYellow rounded-2xl p-5 sm:p-8 flex flex-col text-white font-primary justify-between\">\n        <div class=\"\">\n          <div class=\"flex gap-2 items-center mb-2\">\n            <span><svg width=\" 16\" height=\"16\" viewBox=\"0 0 16 11\" fill=\"none\" xmlns=\"http:\/\/www.w3.org\/2000\/svg\">\n                <path d=\"M0.280273 2.60254V8.1045L4.21027 5.55004L0.280273 2.60254Z\" fill=\"#FF1616\" \/>\n                <path d=\"M15.2803 8.1045V2.60254L11.3503 5.55004L15.2803 8.1045Z\" fill=\"#FF1616\" \/>\n                <path\n                  d=\"M7.78027 8.22762L5.16866 6.26892L0.280273 9.44637V10.5714H15.2803V9.44637L10.3919 6.26892L7.78027 8.22762Z\"\n                  fill=\"#FF1616\" \/>\n                <path d=\"M0.280273 1.19629L7.78027 6.82129L15.2803 1.19629V0.0712891H0.280273V1.19629Z\"\n                  fill=\"#FF1616\" \/>\n              <\/svg>\n            <\/span>\n            <a href=\"mailto:office@alexiana.ro\"\n              class=\"font-light text-base hover:text-primary duration-200\">office@alexiana.ro<\/a>\n          <\/div>\n          <div class=\"flex gap-2 items-center mb-2\">\n            <div class=\"w-[16px] h-[16px]\">\n            <\/div>\n            <a href=\"mailto:marketing@alexiana.ro\"\n              class=\"font-light text-base hover:text-primary duration-200\">marketing@alexiana.ro<\/a>\n          <\/div>\n\n          <div class=\"flex gap-2 items-center mb-2\">\n            <div class=\"w-[16px] h-[16px]\">\n            <\/div>\n            <a href=\"mailto:clienti@alexiana.ro\"\n              class=\"font-light text-base hover:text-primary duration-200\">clienti@alexiana.ro<\/a>\n          <\/div>\n\n          <div class=\"flex gap-2 items-center mb-2\">\n            <div class=\"w-[16px] h-[16px]\">\n            <\/div>\n            <a href=\"mailto:comenzi@alexiana.ro\"\n              class=\"font-light text-base hover:text-primary duration-200\">comenzi@alexiana.ro<\/a>\n          <\/div>\n\n          <div class=\"flex gap-2 items-center mb-2\">\n            <div class=\"w-[16px] h-[16px]\">\n            <\/div>\n            <a href=\"mailto:vanzari@alexiana.ro\"\n              class=\"font-light text-base hover:text-primary duration-200\">vanzari@alexiana.ro<\/a>\n          <\/div>\n        <\/div>\n      <\/div>\n\t\t\n\t\t<div\n        class=\"bg-[#2B2C33] bg-opacity-70 border-l-4 border-primYellow rounded-2xl p-5 sm:p-8 flex flex-col text-white font-primary justify-between\">\n        <div class=\"\">\n          <h3 class=\"text-2xl mb-5\">\n\t\t\t  Contact for international clients          <\/h3>\n          <div class=\"flex gap-2 items-center  mb-5\">\n            <span><svg width=\"16\" height=\"16\" viewBox=\"0 0 16 11\" fill=\"none\" xmlns=\"http:\/\/www.w3.org\/2000\/svg\">\n                <path d=\"M0.280273 2.60254V8.1045L4.21027 5.55004L0.280273 2.60254Z\" fill=\"#FF1616\" \/>\n                <path d=\"M15.2803 8.1045V2.60254L11.3503 5.55004L15.2803 8.1045Z\" fill=\"#FF1616\" \/>\n                <path\n                  d=\"M7.78027 8.22762L5.16866 6.26892L0.280273 9.44637V10.5714H15.2803V9.44637L10.3919 6.26892L7.78027 8.22762Z\"\n                  fill=\"#FF1616\" \/>\n                <path d=\"M0.280273 1.19629L7.78027 6.82129L15.2803 1.19629V0.0712891H0.280273V1.19629Z\"\n                  fill=\"#FF1616\" \/>\n              <\/svg>\n            <\/span>\n            <a href=\"mailto:sales@alexiana.ro\"\n              class=\"font-light text-base hover:text-primary duration-200\">sales@alexiana.ro<\/a>\n          <\/div>\n          <div class=\"flex gap-2 items-center\">\n            <span><svg width=\"16\" height=\"16\" viewBox=\"0 0 16 16\" fill=\"none\" xmlns=\"http:\/\/www.w3.org\/2000\/svg\">\n                <path\n                  d=\"M15.1195 12.1956C14.5611 11.14 12.6221 9.99546 12.5367 9.94541C12.2876 9.80359 12.0276 9.72851 11.7843 9.72851C11.4225 9.72851 11.1263 9.89425 10.947 10.1957C10.6633 10.5349 10.3116 10.9315 10.2262 10.9929C9.56551 11.4412 9.04829 11.3903 8.47602 10.818L5.28208 7.62378C4.71342 7.05512 4.66114 6.53151 5.10634 5.87443C5.16862 5.7885 5.56516 5.43646 5.9044 5.15255C6.12074 5.0238 6.26924 4.83249 6.3343 4.59779C6.42078 4.28552 6.35711 3.91818 6.153 3.56031C6.10489 3.478 4.95979 1.53872 3.90478 0.980625C3.70791 0.876347 3.48601 0.821289 3.26355 0.821289C2.89705 0.821289 2.55224 0.964218 2.29307 1.2231L1.58733 1.92857C0.471141 3.04448 0.0671015 4.30943 0.385773 5.68812C0.65161 6.83711 1.42632 8.0598 2.68877 9.32197L6.77783 13.411C8.37564 15.0088 9.89892 15.8191 11.3054 15.8191C12.3398 15.8191 13.3045 15.3795 14.1712 14.5128L14.8767 13.8073C15.3055 13.3788 15.4028 12.7309 15.1195 12.1956Z\"\n                  fill=\"#FF1616\" \/>\n              <\/svg>\n            <\/span>\n            <a href=\"tel:+4(0745) 675555\" class=\"font-light text-base hover:text-primary duration-200\">+4(0745)\n              675555<\/a>\n          <\/div>\n        <\/div>\n      <\/div>\n\t\t\n      <div\n        class=\"bg-[#2B2C33] bg-opacity-70 border-l-4 border-primYellow rounded-2xl p-5 sm:p-8 flex flex-col text-white font-primary justify-between\">\n        <div class=\"\">\n          <h3 class=\"text-2xl mb-3\">\n            Alexiana Group          <\/h3>\n          <p class=\"font-light text-sm\">Trade Registry Number<\/p>\n          <p class=\"font-normal mb-2\">J1999000406338<\/p>\n          <p class=\"font-light text-sm\">Tax identification number<\/p>\n          <p class=\"font-normal mb-2\">RO-12059923<\/p>\n          <p class=\"font-normal mb-2\">RO26RNCB0241023045730001<\/p>\n          <p class=\"font-normal mb-2\">Banca Comercial\u0103 Rom\u00e2n\u0103<\/p>\n        <\/div>\n      <\/div>\n      \n      \n      \n    <\/div>\n  <\/div>\n<\/section>\n\n<section class=\"bg-center bg-cover bg-no-repeat py-10 sm:py-20\"\n  style=\"background-image:url('\/wp-content\/uploads\/2023\/04\/642874742-3.webp')\">\n  <div class=\"flex justify-center\">\n    <h2 class=\"mb-5 font-secondary text-3xl sm:text-5xl text-secondary font-bold uppercase lg:mb-10\">\n      Get in touch with us    <\/h2>\n  <\/div>\n  <div class=\"max-w-[830px] px-[15px] mx-auto sm:grid grid-cols-2 font-primary\">\n    <div class=\"formular-contact bg-white p-5 sm:p-10 sm:rounded-l-2xl\">\n      <h3 class=\"font-primary text-2xl font-medium mb-5\">Send us a message<\/h3>\n      \n<div class=\"wpcf7 no-js\" id=\"wpcf7-f3523-o1\" lang=\"en-US\" dir=\"ltr\" data-wpcf7-id=\"3523\">\n<div class=\"screen-reader-response\"><p role=\"status\" aria-live=\"polite\" aria-atomic=\"true\"><\/p> <ul><\/ul><\/div>\n<form action=\"\/en\/wp-json\/wp\/v2\/pages\/3531#wpcf7-f3523-o1\" method=\"post\" class=\"wpcf7-form init\" aria-label=\"Contact form\" novalidate=\"novalidate\" data-status=\"init\">\n<fieldset class=\"hidden-fields-container\"><input type=\"hidden\" name=\"_wpcf7\" value=\"3523\" \/><input type=\"hidden\" name=\"_wpcf7_version\" value=\"6.1.5\" \/><input type=\"hidden\" name=\"_wpcf7_locale\" value=\"en_US\" \/><input type=\"hidden\" name=\"_wpcf7_unit_tag\" value=\"wpcf7-f3523-o1\" \/><input type=\"hidden\" name=\"_wpcf7_container_post\" value=\"0\" \/><input type=\"hidden\" name=\"_wpcf7_posted_data_hash\" value=\"\" \/><input type=\"hidden\" name=\"_wpcf7_recaptcha_response\" value=\"\" \/>\n<\/fieldset>\n<div class=\"flex flex-col mb-3 custom-input\">\n\t<div class=\"flex\">\n\t\t<p>Name\n\t\t<\/p>\n\t\t<div class=\"star\">\n\t\t\t<p>*\n\t\t\t<\/p>\n\t\t<\/div>\n\t<\/div>\n\t<p><span class=\"wpcf7-form-control-wrap\" data-name=\"your-name\"><input size=\"40\" maxlength=\"400\" class=\"wpcf7-form-control wpcf7-text wpcf7-validates-as-required\" autocomplete=\"name\" aria-required=\"true\" aria-invalid=\"false\" value=\"\" type=\"text\" name=\"your-name\" \/><\/span>\n\t<\/p>\n<\/div>\n<div class=\"flex flex-col mb-3 custom-input\">\n\t<div class=\"flex\">\n\t\t<p>Email\n\t\t<\/p>\n\t\t<div class=\"star\">\n\t\t\t<p>*\n\t\t\t<\/p>\n\t\t<\/div>\n\t<\/div>\n\t<p><span class=\"wpcf7-form-control-wrap\" data-name=\"your-email\"><input size=\"40\" maxlength=\"400\" class=\"wpcf7-form-control wpcf7-email wpcf7-validates-as-required wpcf7-text wpcf7-validates-as-email\" autocomplete=\"email\" aria-required=\"true\" aria-invalid=\"false\" value=\"\" type=\"email\" name=\"your-email\" \/><\/span>\n\t<\/p>\n<\/div>\n<div class=\"flex flex-col mb-3 custom-input\">\n\t<div class=\"flex\">\n\t\t<p>Phone\n\t\t<\/p>\n\t<\/div>\n\t<p><span class=\"wpcf7-form-control-wrap\" data-name=\"tel-573\"><input size=\"40\" maxlength=\"400\" class=\"wpcf7-form-control wpcf7-tel wpcf7-text wpcf7-validates-as-tel\" aria-invalid=\"false\" value=\"\" type=\"tel\" name=\"tel-573\" \/><\/span>\n\t<\/p>\n<\/div>\n<div class=\"flex flex-col mb-3 custom-input\">\n\t<div class=\"flex\">\n\t\t<p>Message\n\t\t<\/p>\n\t<\/div>\n\t<p><span class=\"wpcf7-form-control-wrap\" data-name=\"your-message\"><textarea cols=\"40\" rows=\"10\" maxlength=\"2000\" class=\"wpcf7-form-control wpcf7-textarea\" aria-invalid=\"false\" name=\"your-message\"><\/textarea><\/span>\n\t<\/p>\n<\/div>\n<div class=\"acceptare-form\">\n\t<p><span><span class=\"wpcf7-form-control-wrap\" data-name=\"acceptance-996\"><span class=\"wpcf7-form-control wpcf7-acceptance optional\"><span class=\"wpcf7-list-item\"><input type=\"checkbox\" name=\"acceptance-996\" value=\"1\" aria-invalid=\"false\" \/><\/span><\/span><\/span><\/span>\n\t<\/p>\n\t<p>I have read and agree to the <a href=\"\/politica-de-confidentialitate\/\">privacy policy.<\/a>\n\t<\/p>\n<\/div>\n<p><input class=\"wpcf7-form-control wpcf7-submit has-spinner\" type=\"submit\" value=\"Send\" \/>\n<\/p><p style=\"display: none !important;\" class=\"akismet-fields-container\" data-prefix=\"_wpcf7_ak_\"><label>&#916;<textarea name=\"_wpcf7_ak_hp_textarea\" cols=\"45\" rows=\"8\" maxlength=\"100\"><\/textarea><\/label><input type=\"hidden\" id=\"ak_js_1\" name=\"_wpcf7_ak_js\" value=\"201\"\/><script>document.getElementById( \"ak_js_1\" ).setAttribute( \"value\", ( new Date() ).getTime() );<\/script><\/p><div class=\"wpcf7-response-output\" aria-hidden=\"true\"><\/div>\n<\/form>\n<\/div>\n    <\/div>\n    <div class=\"bg-[#1D1D21]  p-5 sm:p-10 sm:rounded-r-2xl border-l-4 border-primYellow\">\n\n      <h3 class=\"font-primary text-white text-2xl font-medium mb-5\">Contact our regional representatives<\/h3>\n\t\t\n\n<!--       <div class=\"flex gap-2 items-center text-white\">\n        <span><i class=\"fas fa-locatie\"><\/i><\/span>\n        <p>Radauti, Str. Calea Bucovinei, Nr. 90<\/p>\n      <\/div> -->\n            <div class=\"flex flex-col gap-3 my-5 font-primary\">\n                <div class=\"grid grid-cols-2 text-white gap-2 sm:gap-5\">\n          <p class=\"underline\">Monday \u2013 Thursday<\/p>\n          <p class=\"font-bold text-base sm:text-xl\">9:00-17:00<\/p>\n        <\/div>\n                <div class=\"grid grid-cols-2 text-white gap-2 sm:gap-5\">\n          <p class=\"underline\">Friday<\/p>\n          <p class=\"font-bold text-base sm:text-xl\">9:00-16:00<\/p>\n        <\/div>\n                <div class=\"grid grid-cols-2 text-white gap-2 sm:gap-5\">\n          <p class=\"underline\">Saturday \u2013 Sunday<\/p>\n          <p class=\"font-bold text-base sm:text-xl\">Closed<\/p>\n        <\/div>\n              <\/div>\n            <div>\n        <div style=\"width: 100%\"><iframe loading=\"lazy\" src=\"https:\/\/www.google.com\/maps\/d\/embed?mid=1icx2EGhzum_6ti8HozfK9uVARy3DY0E&#038;ehbc=2E312F\" width=\"100%\" height=\"480\"><\/iframe>><\/div>\n      <\/div>\n\n    <\/div>\n  <\/div>\n<\/section>","protected":false},"excerpt":{"rendered":"","protected":false},"author":1,"featured_media":0,"parent":0,"menu_order":0,"comment_status":"closed","ping_status":"closed","template":"","meta":{"footnotes":""},"class_list":["post-3531","page","type-page","status-publish","hentry"],"acf":[],"yoast_head":"<!-- This site is optimized with the Yoast SEO plugin v27.3 - https:\/\/yoast.com\/product\/yoast-seo-wordpress\/ -->\n<title>Contact - Alexiana<\/title>\n<meta name=\"description\" content=\"Alexiana Group No. Trade Registry J33\/406\/1999 Tax Identification Number RO-12059923 RO26RNCB0241023045730001 Banca Comercial\u0103 Rom\u00e2n\u0103\" \/>\n<meta name=\"robots\" content=\"index, follow, max-snippet:-1, max-image-preview:large, max-video-preview:-1\" \/>\n<link rel=\"canonical\" href=\"https:\/\/alexiana.ro\/en\/contact\/\" \/>\n<meta property=\"og:locale\" content=\"en_US\" \/>\n<meta property=\"og:type\" content=\"article\" \/>\n<meta property=\"og:title\" content=\"Contact - Alexiana\" \/>\n<meta property=\"og:description\" content=\"Alexiana Group No. Trade Registry J33\/406\/1999 Tax Identification Number RO-12059923 RO26RNCB0241023045730001 Banca Comercial\u0103 Rom\u00e2n\u0103\" \/>\n<meta property=\"og:url\" content=\"https:\/\/alexiana.ro\/en\/contact\/\" \/>\n<meta property=\"og:site_name\" content=\"Alexiana\" \/>\n<meta property=\"article:publisher\" content=\"https:\/\/www.facebook.com\/alexianagroup\" \/>\n<meta property=\"article:modified_time\" content=\"2023-08-23T15:41:29+00:00\" \/>\n<meta name=\"twitter:card\" content=\"summary_large_image\" \/>\n<meta name=\"twitter:site\" content=\"@Alexiana1994\" \/>\n<script type=\"application\/ld+json\" class=\"yoast-schema-graph\">{\"@context\":\"https:\\\/\\\/schema.org\",\"@graph\":[{\"@type\":\"WebPage\",\"@id\":\"https:\\\/\\\/alexiana.ro\\\/en\\\/contact\\\/\",\"url\":\"https:\\\/\\\/alexiana.ro\\\/en\\\/contact\\\/\",\"name\":\"Contact - Alexiana\",\"isPartOf\":{\"@id\":\"https:\\\/\\\/alexiana.ro\\\/#website\"},\"datePublished\":\"2023-04-18T07:23:48+00:00\",\"dateModified\":\"2023-08-23T15:41:29+00:00\",\"description\":\"Alexiana Group No. Trade Registry J33\\\/406\\\/1999 Tax Identification Number RO-12059923 RO26RNCB0241023045730001 Banca Comercial\u0103 Rom\u00e2n\u0103\",\"breadcrumb\":{\"@id\":\"https:\\\/\\\/alexiana.ro\\\/en\\\/contact\\\/#breadcrumb\"},\"inLanguage\":\"en-US\",\"potentialAction\":[{\"@type\":\"ReadAction\",\"target\":[\"https:\\\/\\\/alexiana.ro\\\/en\\\/contact\\\/\"]}]},{\"@type\":\"BreadcrumbList\",\"@id\":\"https:\\\/\\\/alexiana.ro\\\/en\\\/contact\\\/#breadcrumb\",\"itemListElement\":[{\"@type\":\"ListItem\",\"position\":1,\"name\":\"Prima pagin\u0103\",\"item\":\"https:\\\/\\\/alexiana.ro\\\/en\\\/\"},{\"@type\":\"ListItem\",\"position\":2,\"name\":\"Contact\"}]},{\"@type\":\"WebSite\",\"@id\":\"https:\\\/\\\/alexiana.ro\\\/#website\",\"url\":\"https:\\\/\\\/alexiana.ro\\\/\",\"name\":\"Alexiana\",\"description\":\"\",\"publisher\":{\"@id\":\"https:\\\/\\\/alexiana.ro\\\/#organization\"},\"potentialAction\":[{\"@type\":\"SearchAction\",\"target\":{\"@type\":\"EntryPoint\",\"urlTemplate\":\"https:\\\/\\\/alexiana.ro\\\/?s={search_term_string}\"},\"query-input\":{\"@type\":\"PropertyValueSpecification\",\"valueRequired\":true,\"valueName\":\"search_term_string\"}}],\"inLanguage\":\"en-US\"},{\"@type\":\"Organization\",\"@id\":\"https:\\\/\\\/alexiana.ro\\\/#organization\",\"name\":\"Alexiana\",\"url\":\"https:\\\/\\\/alexiana.ro\\\/\",\"logo\":{\"@type\":\"ImageObject\",\"inLanguage\":\"en-US\",\"@id\":\"https:\\\/\\\/alexiana.ro\\\/#\\\/schema\\\/logo\\\/image\\\/\",\"url\":\"https:\\\/\\\/alexiana.ro\\\/wp-content\\\/uploads\\\/2023\\\/04\\\/logoalexiana.png\",\"contentUrl\":\"https:\\\/\\\/alexiana.ro\\\/wp-content\\\/uploads\\\/2023\\\/04\\\/logoalexiana.png\",\"width\":250,\"height\":60,\"caption\":\"Alexiana\"},\"image\":{\"@id\":\"https:\\\/\\\/alexiana.ro\\\/#\\\/schema\\\/logo\\\/image\\\/\"},\"sameAs\":[\"https:\\\/\\\/www.facebook.com\\\/alexianagroup\",\"https:\\\/\\\/x.com\\\/Alexiana1994\"]}]}<\/script>\n<!-- \/ Yoast SEO plugin. -->","yoast_head_json":{"title":"Contact - Alexiana","description":"Alexiana Group No. Trade Registry J33\/406\/1999 Tax Identification Number RO-12059923 RO26RNCB0241023045730001 Banca Comercial\u0103 Rom\u00e2n\u0103","robots":{"index":"index","follow":"follow","max-snippet":"max-snippet:-1","max-image-preview":"max-image-preview:large","max-video-preview":"max-video-preview:-1"},"canonical":"https:\/\/alexiana.ro\/en\/contact\/","og_locale":"en_US","og_type":"article","og_title":"Contact - Alexiana","og_description":"Alexiana Group No. Trade Registry J33\/406\/1999 Tax Identification Number RO-12059923 RO26RNCB0241023045730001 Banca Comercial\u0103 Rom\u00e2n\u0103","og_url":"https:\/\/alexiana.ro\/en\/contact\/","og_site_name":"Alexiana","article_publisher":"https:\/\/www.facebook.com\/alexianagroup","article_modified_time":"2023-08-23T15:41:29+00:00","twitter_card":"summary_large_image","twitter_site":"@Alexiana1994","schema":{"@context":"https:\/\/schema.org","@graph":[{"@type":"WebPage","@id":"https:\/\/alexiana.ro\/en\/contact\/","url":"https:\/\/alexiana.ro\/en\/contact\/","name":"Contact - Alexiana","isPartOf":{"@id":"https:\/\/alexiana.ro\/#website"},"datePublished":"2023-04-18T07:23:48+00:00","dateModified":"2023-08-23T15:41:29+00:00","description":"Alexiana Group No. Trade Registry J33\/406\/1999 Tax Identification Number RO-12059923 RO26RNCB0241023045730001 Banca Comercial\u0103 Rom\u00e2n\u0103","breadcrumb":{"@id":"https:\/\/alexiana.ro\/en\/contact\/#breadcrumb"},"inLanguage":"en-US","potentialAction":[{"@type":"ReadAction","target":["https:\/\/alexiana.ro\/en\/contact\/"]}]},{"@type":"BreadcrumbList","@id":"https:\/\/alexiana.ro\/en\/contact\/#breadcrumb","itemListElement":[{"@type":"ListItem","position":1,"name":"Prima pagin\u0103","item":"https:\/\/alexiana.ro\/en\/"},{"@type":"ListItem","position":2,"name":"Contact"}]},{"@type":"WebSite","@id":"https:\/\/alexiana.ro\/#website","url":"https:\/\/alexiana.ro\/","name":"Alexiana","description":"","publisher":{"@id":"https:\/\/alexiana.ro\/#organization"},"potentialAction":[{"@type":"SearchAction","target":{"@type":"EntryPoint","urlTemplate":"https:\/\/alexiana.ro\/?s={search_term_string}"},"query-input":{"@type":"PropertyValueSpecification","valueRequired":true,"valueName":"search_term_string"}}],"inLanguage":"en-US"},{"@type":"Organization","@id":"https:\/\/alexiana.ro\/#organization","name":"Alexiana","url":"https:\/\/alexiana.ro\/","logo":{"@type":"ImageObject","inLanguage":"en-US","@id":"https:\/\/alexiana.ro\/#\/schema\/logo\/image\/","url":"https:\/\/alexiana.ro\/wp-content\/uploads\/2023\/04\/logoalexiana.png","contentUrl":"https:\/\/alexiana.ro\/wp-content\/uploads\/2023\/04\/logoalexiana.png","width":250,"height":60,"caption":"Alexiana"},"image":{"@id":"https:\/\/alexiana.ro\/#\/schema\/logo\/image\/"},"sameAs":["https:\/\/www.facebook.com\/alexianagroup","https:\/\/x.com\/Alexiana1994"]}]}},"_links":{"self":[{"href":"https:\/\/alexiana.ro\/en\/wp-json\/wp\/v2\/pages\/3531","targetHints":{"allow":["GET"]}}],"collection":[{"href":"https:\/\/alexiana.ro\/en\/wp-json\/wp\/v2\/pages"}],"about":[{"href":"https:\/\/alexiana.ro\/en\/wp-json\/wp\/v2\/types\/page"}],"author":[{"embeddable":true,"href":"https:\/\/alexiana.ro\/en\/wp-json\/wp\/v2\/users\/1"}],"replies":[{"embeddable":true,"href":"https:\/\/alexiana.ro\/en\/wp-json\/wp\/v2\/comments?post=3531"}],"version-history":[{"count":1,"href":"https:\/\/alexiana.ro\/en\/wp-json\/wp\/v2\/pages\/3531\/revisions"}],"predecessor-version":[{"id":3532,"href":"https:\/\/alexiana.ro\/en\/wp-json\/wp\/v2\/pages\/3531\/revisions\/3532"}],"wp:attachment":[{"href":"https:\/\/alexiana.ro\/en\/wp-json\/wp\/v2\/media?parent=3531"}],"curies":[{"name":"wp","href":"https:\/\/api.w.org\/{rel}","templated":true}]}}